{"id":98,"date":"2019-07-02T14:17:29","date_gmt":"2019-07-02T12:17:29","guid":{"rendered":"https:\/\/bw-krefeld.de\/v7\/?page_id=98"},"modified":"2019-07-02T14:24:19","modified_gmt":"2019-07-02T12:24:19","slug":"fritz-wuellenweber-ehrenplakette","status":"publish","type":"page","link":"https:\/\/bw-krefeld.de\/v7\/fritz-wuellenweber-ehrenplakette\/","title":{"rendered":"Fritz W\u00fcllenweber Ehrenplakette"},"content":{"rendered":"<p>F\u00fcr besondere Dienste und Leistungen wurde folgenden Mitgliedern die Fritz W\u00fcllenweber Ehrenplakette verliehen:<\/p>\n<p>2018 Sven Coenen<br \/>\n2009 Erdogan Erel<br \/>\n2008 Simon Buschydlik<br \/>\n2006 Sonja Kreuzberg<br \/>\n2005 Jacek Lewinski<br \/>\n2003 Dennis Wienands<br \/>\n2000 Ralph G\u00f6rtz<br \/>\n1998 Dieter-Schulte Kellinghaus<br \/>\n1993 Heinz Schl\u00fcter<br \/>\n1991 Stephan Kreuzberg<br \/>\n1990 Klaus-Dieter Glaum<br \/>\n1988 Frank Krahnke<br \/>\n1987 Herbert Butz<br \/>\n1986 Hans Esters<br \/>\n1985 Klaus Evertz<br \/>\n1984 Lothar Neumann<br \/>\n1983 G\u00fcnter Stocks<br \/>\n1982 Josef K\u00fcck<br \/>\n1981 Karl-Heinz Steffens<br \/>\n1980 Marlene Stocks<br \/>\n1979 Rosemarie u. Klaus Brenig<br \/>\n1978 G\u00fcnther Krahwinkel<br \/>\n1977 Willi Hilgers<\/p>\n","protected":false},"excerpt":{"rendered":"<p>F\u00fcr besondere Dienste und Leistungen wurde folgenden Mitgliedern die Fritz W\u00fcllenweber Ehrenplakette verliehen: 2018 Sven Coenen 2009 Erdogan Erel 2008 Simon Buschydlik 2006 Sonja Kreuzberg 2005 Jacek Lewinski 2003 Dennis Wienands 2000 Ralph G\u00f6rtz 1998 Dieter-Schulte Kellinghaus 1993 Heinz Schl\u00fcter 1991 Stephan Kreuzberg 1990 Klaus-Dieter Glaum 1988 Frank Krahnke 1987 Herbert Butz 1986 Hans Esters<\/p>\n<div><a class=\"btn-filled btn\" href=\"https:\/\/bw-krefeld.de\/v7\/fritz-wuellenweber-ehrenplakette\/\" title=\"Fritz W\u00fcllenweber Ehrenplakette\">Weiterlesen<\/a><\/div>\n","protected":false},"author":1,"featured_media":100,"parent":0,"menu_order":0,"comment_status":"closed","ping_status":"closed","template":"page-templates\/full-width.php","meta":{"ngg_post_thumbnail":0,"footnotes":""},"class_list":["post-98","page","type-page","status-publish","has-post-thumbnail","hentry"],"jetpack_sharing_enabled":true,"_links":{"self":[{"href":"https:\/\/bw-krefeld.de\/v7\/wp-json\/wp\/v2\/pages\/98","targetHints":{"allow":["GET"]}}],"collection":[{"href":"https:\/\/bw-krefeld.de\/v7\/wp-json\/wp\/v2\/pages"}],"about":[{"href":"https:\/\/bw-krefeld.de\/v7\/wp-json\/wp\/v2\/types\/page"}],"author":[{"embeddable":true,"href":"https:\/\/bw-krefeld.de\/v7\/wp-json\/wp\/v2\/users\/1"}],"replies":[{"embeddable":true,"href":"https:\/\/bw-krefeld.de\/v7\/wp-json\/wp\/v2\/comments?post=98"}],"version-history":[{"count":1,"href":"https:\/\/bw-krefeld.de\/v7\/wp-json\/wp\/v2\/pages\/98\/revisions"}],"predecessor-version":[{"id":99,"href":"https:\/\/bw-krefeld.de\/v7\/wp-json\/wp\/v2\/pages\/98\/revisions\/99"}],"wp:featuredmedia":[{"embeddable":true,"href":"https:\/\/bw-krefeld.de\/v7\/wp-json\/wp\/v2\/media\/100"}],"wp:attachment":[{"href":"https:\/\/bw-krefeld.de\/v7\/wp-json\/wp\/v2\/media?parent=98"}],"curies":[{"name":"wp","href":"https:\/\/api.w.org\/{rel}","templated":true}]}}