{"id":126,"date":"2019-07-02T15:01:59","date_gmt":"2019-07-02T13:01:59","guid":{"rendered":"https:\/\/bw-krefeld.de\/v7\/?page_id=126"},"modified":"2025-11-25T11:00:22","modified_gmt":"2025-11-25T10:00:22","slug":"training-mitgliedschaft","status":"publish","type":"page","link":"https:\/\/bw-krefeld.de\/v7\/training-mitgliedschaft\/","title":{"rendered":"Training &#038; Mitgliedschaft"},"content":{"rendered":"<h2>Jugendtraining<\/h2>\n<p style=\"text-align: justify;\">Montags und Donnerstags von 17.00 &#8211; 19.30 Uhr in der Turnhalle Lindenstra\u00dfe 57 in 47798 Krefeld &#8211; Arndt (ehemals Fichte) Gymnasium<\/p>\n<h2>Erwachsenentraining<\/h2>\n<p style=\"text-align: justify;\">Montags und Donnerstags von 19.30 &#8211; 22.00 Uhr in der Turnhalle Lindenstra\u00dfe 57 in 47798 Krefeld &#8211; Arndt (ehemals Fichte) Gymnasium<\/p>\n<hr>\n<h2>Mal reinschnuppern?<\/h2>\n<p>Gerne, komm vorbei, guck Dir alles an.<\/p>\n<p>Willst Du direkt auch den Schl\u00e4ger schwingen? Kein Problem, auch das geht bei uns zu den angegebenen Zeiten ohne weiteres!<\/p>\n<p><strong>Und das sogar bis zu 4 Wochen kostenlos, ohne Vertrag!<\/strong><\/p>\n<p>Du brauchst:<\/p>\n<ol>\n<li>Sportkleidung<\/li>\n<li>Hallenschuhe (helle Sohle)<\/li>\n<li>wenn vorhanden auch einen Schl\u00e4ger, wenn nicht auch kein Problem &#8211; wir haben einige einfache Trainingsschl\u00e4ger in der Halle verf\u00fcgbar<\/li>\n<\/ol>\n<hr>\n<h2 style=\"text-align: justify;\"><a id=\"bank\"><\/a>Beitr\u00e4ge (j\u00e4hrlich):<img loading=\"lazy\" decoding=\"async\" class=\"size-full wp-image-6 alignright\" src=\"https:\/\/bw-krefeld.de\/v7\/wp-content\/uploads\/2019\/06\/bw_wappen_250x250.png\" alt=\"\" width=\"250\" height=\"250\" srcset=\"https:\/\/bw-krefeld.de\/v7\/wp-content\/uploads\/2019\/06\/bw_wappen_250x250.png 250w, https:\/\/bw-krefeld.de\/v7\/wp-content\/uploads\/2019\/06\/bw_wappen_250x250-150x150.png 150w\" sizes=\"auto, (max-width: 250px) 100vw, 250px\" \/><\/h2>\n<ul>\n<li style=\"text-align: justify;\">Erwachsene: 120 Euro<\/li>\n<li style=\"text-align: justify;\">Studenten, Azubis, Rentner, o.\u00e4.: 84 Euro<\/li>\n<li style=\"text-align: justify;\">Sch\u00fcler: 72 Euro<\/li>\n<li style=\"text-align: justify;\">Arbeitslose: 60 Euro<\/li>\n<li style=\"text-align: justify;\">Geschwisterkinder: 36 Euro<\/li>\n<li style=\"text-align: justify;\">Passive: 30 Euro<\/li>\n<\/ul>\n<p style=\"text-align: justify;\">Bankverbindung:<\/p>\n<p style=\"text-align: justify;\">Konto-Inhaber: TTC BW Krefeld 1933 e.V.<br \/>\nSparkasse Krefeld<br \/>\nIBAN DE52 3205 0000 0080 0082 04<br \/>\nBIC: SPKRDE33XXX<br \/>\nBeitr\u00e4ge gelten ab Januar 2017<\/p>\n<p><img loading=\"lazy\" decoding=\"async\" class=\"size-medium wp-image-206 alignleft\" src=\"https:\/\/bw-krefeld.de\/v7\/wp-content\/uploads\/2019\/07\/pdf.icon_-297x300.png\" alt=\"\" width=\"297\" height=\"300\" srcset=\"https:\/\/bw-krefeld.de\/v7\/wp-content\/uploads\/2019\/07\/pdf.icon_-297x300.png 297w, https:\/\/bw-krefeld.de\/v7\/wp-content\/uploads\/2019\/07\/pdf.icon_.png 507w\" sizes=\"auto, (max-width: 297px) 100vw, 297px\" \/><a href=\"https:\/\/bw-krefeld.de\/v7\/wp-content\/uploads\/2025\/01\/beitrittserklaerung_form.pdf\" target=\"_blank\" rel=\"noopener noreferrer\">Beitrittserkl\u00e4rung als PDF<\/a> bequem auf dem Bildschirm ausf\u00fcllen, ausdrucken und unterschreiben.<\/p>\n<p><a href=\"https:\/\/bw-krefeld.de\/v7\/wp-content\/uploads\/2025\/01\/beitrittserklaerung_2025.pdf\" target=\"_blank\" rel=\"noopener noreferrer\">Beitrittserkl\u00e4rung als PDF<\/a> ausdrucken und unterschreiben.<\/p>\n<p>Um pdf-Dateien zu laden, anzuschauen und auszudrucken, ben\u00f6tigen Sie die entsprechende Software, z.B. den&nbsp;<a href=\"http:\/\/www.adobe.com\/prodindex\/acrobat\/readstep.html\" target=\"_blank\" rel=\"noopener noreferrer\">Adobe Acrobat Reader<\/a>. Die aktuelle Version dieses Programms k\u00f6nnen Sie kostenfrei&nbsp;<a href=\"http:\/\/www.adobe.com\/prodindex\/acrobat\/readstep.html\" target=\"_blank\" rel=\"noopener noreferrer\">von der Adobe-Website herunterladen<\/a>.<\/p>\n<p>Der Acrobat Reader kann aus Ihrem Webbrowser heraus aufgerufen werden, wenn dieser entsprechend konfiguriert ist (z.B. bei Netscape \u00fcber Men\u00fcpunkt &#8222;Preferences &#8230;&#8220;, &#8222;Applications&#8220;). Die pdf-Dateien auf unseren Webseiten k\u00f6nnen Sie in der Regel mit dem Acrobat Reader ab Version 7.0 \u00f6ffnen.<\/p>\n<p><strong>Wichtiger Hinweis:<\/strong><br \/>\nWenn in Ihrem Browser das pdf-Plugin installiert ist, werden pdf-Dateien direkt im Browser angezeigt, damit Sie die Navigationsm\u00f6glichkeiten Ihres Browsers weiternutzen k\u00f6nnen. Sollte das Plugin nicht installiert sein, wird die pdf-Datei auf die Festplatte gespeichert und mit dem Acrobat Reader ge\u00f6ffnet.<\/p>\n","protected":false},"excerpt":{"rendered":"<p>Jugendtraining Montags und Donnerstags von 17.00 &#8211; 19.30 Uhr in der Turnhalle Lindenstra\u00dfe 57 in 47798 Krefeld &#8211; Arndt (ehemals Fichte) Gymnasium Erwachsenentraining Montags und Donnerstags von 19.30 &#8211; 22.00 Uhr in der Turnhalle Lindenstra\u00dfe 57 in 47798 Krefeld &#8211; Arndt (ehemals Fichte) Gymnasium Mal reinschnuppern? Gerne, komm vorbei, guck Dir alles an. Willst Du<\/p>\n<div><a class=\"btn-filled btn\" href=\"https:\/\/bw-krefeld.de\/v7\/training-mitgliedschaft\/\" title=\"Training &#038; Mitgliedschaft\">Weiterlesen<\/a><\/div>\n","protected":false},"author":1,"featured_media":1317,"parent":0,"menu_order":0,"comment_status":"closed","ping_status":"closed","template":"page-templates\/full-width.php","meta":{"ngg_post_thumbnail":0,"footnotes":""},"class_list":["post-126","page","type-page","status-publish","has-post-thumbnail","hentry"],"jetpack_sharing_enabled":true,"_links":{"self":[{"href":"https:\/\/bw-krefeld.de\/v7\/wp-json\/wp\/v2\/pages\/126","targetHints":{"allow":["GET"]}}],"collection":[{"href":"https:\/\/bw-krefeld.de\/v7\/wp-json\/wp\/v2\/pages"}],"about":[{"href":"https:\/\/bw-krefeld.de\/v7\/wp-json\/wp\/v2\/types\/page"}],"author":[{"embeddable":true,"href":"https:\/\/bw-krefeld.de\/v7\/wp-json\/wp\/v2\/users\/1"}],"replies":[{"embeddable":true,"href":"https:\/\/bw-krefeld.de\/v7\/wp-json\/wp\/v2\/comments?post=126"}],"version-history":[{"count":23,"href":"https:\/\/bw-krefeld.de\/v7\/wp-json\/wp\/v2\/pages\/126\/revisions"}],"predecessor-version":[{"id":1296,"href":"https:\/\/bw-krefeld.de\/v7\/wp-json\/wp\/v2\/pages\/126\/revisions\/1296"}],"wp:featuredmedia":[{"embeddable":true,"href":"https:\/\/bw-krefeld.de\/v7\/wp-json\/wp\/v2\/media\/1317"}],"wp:attachment":[{"href":"https:\/\/bw-krefeld.de\/v7\/wp-json\/wp\/v2\/media?parent=126"}],"curies":[{"name":"wp","href":"https:\/\/api.w.org\/{rel}","templated":true}]}}